{"id":55,"date":"2020-08-25T12:31:01","date_gmt":"2020-08-25T12:31:01","guid":{"rendered":"http:\/\/impreza23.us-themes.com\/?page_id=55"},"modified":"2022-02-01T18:12:47","modified_gmt":"2022-02-01T17:12:47","slug":"https-macha-collections-com-boutique","status":"publish","type":"page","link":"https:\/\/macha-collections.com\/boutique\/","title":{"rendered":"Boutique"},"content":{"rendered":"<section class=\"l-section wpb_row height_medium\"><div class=\"l-section-h i-cf\"><div class=\"g-cols vc_row via_flex valign_top type_default stacking_default\"><div class=\"vc_col-sm-12 wpb_column vc_column_container\"><div class=\"vc_column-inner\"><div class=\"wpb_wrapper\"><div class=\"wpb_text_column\"><div class=\"wpb_wrapper\"><h2 style=\"text-align: center;\"><span lang=\"FR\">Figurines et objets m\u00e9di\u00e9vaux \u00e0 collectionner<\/span><\/h2>\n<\/div><\/div><div class=\"w-separator size_small\"><\/div><div class=\"w-grid type_grid layout_7482 cols_4\" id=\"us_grid_1\" data-filterable=\"true\"><style>#us_grid_1 .w-grid-item{padding:1.5rem}#us_grid_1 .w-grid-list{margin:-1.5rem}.w-grid + #us_grid_1 .w-grid-list,.w-grid-none + #us_grid_1 .w-grid-list{margin-top:1.5rem}@media (max-width:1199px){#us_grid_1 .w-grid-item{width:33.3333%}}@media (max-width:899px){#us_grid_1 .w-grid-item{width:50%}}@media (max-width:599px){#us_grid_1 .w-grid-list{margin:0}#us_grid_1 .w-grid-item{width:100%;padding:0;margin-bottom:1.5rem}}.layout_7482 .w-grid-item-h{}.layout_7482 .usg_product_field_1{color:#fff!important;font-size:12px!important;font-weight:700!important;text-transform:uppercase!important;position:absolute!important;top:10px!important;left:10px!important;padding-left:0.8rem!important;padding-right:0.8rem!important;border-radius:2rem!important;background:var(--color-content-primary)!important}.layout_7482 .usg_post_title_1{font-size:1rem!important;margin-top:0.8rem!important;margin-bottom:0.2rem!important}.layout_7482 .usg_product_field_2{margin-bottom:0.2rem!important}.layout_7482 .usg_product_field_3{font-weight:700!important}.layout_7482 .usg_add_to_cart_1{font-size:0.8rem!important;margin-top:0.4rem!important;border-radius:1.5rem!important}<\/style><div class=\"w-grid-list\">\t<article class=\"w-grid-item size_1x1 post-7681 product type-product status-publish has-post-thumbnail hentry product_cat-articles\" data-id=\"7681\">\r\n\t\t<div class=\"w-grid-item-h\">\r\n\t\t\t\t\t\t<div class=\"w-post-elm post_image usg_post_image_1 stretched\"><a href=\"https:\/\/macha-collections.com\/boutique\/produit\/magazine-\u21162-figurine-dedouard-de-woodstock\/\" aria-label=\"Magazine \u21162 + figurine d&rsquo;\u00c9douard de Woodstock\"><img width=\"300\" height=\"300\" src=\"https:\/\/macha-collections.com\/boutique\/wp-content\/uploads\/2021\/11\/MAG-N2-300x300.jpg\" class=\"attachment-shop_catalog size-shop_catalog wp-post-image\" alt=\"\" decoding=\"async\" loading=\"lazy\" srcset=\"https:\/\/macha-collections.com\/boutique\/wp-content\/uploads\/2021\/11\/MAG-N2-300x300.jpg 300w, https:\/\/macha-collections.com\/boutique\/wp-content\/uploads\/2021\/11\/MAG-N2-150x150.jpg 150w, https:\/\/macha-collections.com\/boutique\/wp-content\/uploads\/2021\/11\/MAG-N2-600x600.jpg 600w, https:\/\/macha-collections.com\/boutique\/wp-content\/uploads\/2021\/11\/MAG-N2.jpg 800w\" sizes=\"(max-width: 300px) 100vw, 300px\" \/><\/a><\/div><div class=\"w-post-elm product_field sale_badge usg_product_field_1 has_text_color onsale\">Promo\u00a0!<\/div><h2 class=\"w-post-elm post_title usg_post_title_1 woocommerce-loop-product__title color_link_inherit\"><a href=\"https:\/\/macha-collections.com\/boutique\/produit\/magazine-\u21162-figurine-dedouard-de-woodstock\/\">Magazine \u21162 + figurine d&rsquo;\u00c9douard de Woodstock<\/a><\/h2><p class=\"w-post-elm product_field price usg_product_field_3\"><del aria-hidden=\"true\"><span class=\"woocommerce-Price-amount amount\"><bdi>15,50<span class=\"woocommerce-Price-currencySymbol\">&euro;<\/span><\/bdi><\/span><\/del> <ins><span class=\"woocommerce-Price-amount amount\"><bdi>11,60<span class=\"woocommerce-Price-currencySymbol\">&euro;<\/span><\/bdi><\/span><\/ins><\/p><div class=\"w-btn-wrapper woocommerce usg_add_to_cart_1 bouton_panier has_border_radius has_font_size\"><a href=\"?add-to-cart=7681\" data-quantity=\"1\" class=\"button wp-element-button product_type_simple add_to_cart_button ajax_add_to_cart\" data-product_id=\"7681\" data-product_sku=\"\" aria-label=\"Ajouter &ldquo;Magazine \u21162 + figurine d&#039;\u00c9douard de Woodstock&rdquo; \u00e0 votre panier\" rel=\"nofollow\"><i class=\"g-preloader type_1\"><\/i><span class=\"w-btn-label\">Ajouter au panier<\/span><\/a><\/div>\t\t<\/div>\r\n\t<\/article>\r\n\t<article class=\"w-grid-item size_1x1 post-7659 product type-product status-publish has-post-thumbnail hentry product_cat-articles\" data-id=\"7659\">\r\n\t\t<div class=\"w-grid-item-h\">\r\n\t\t\t\t\t\t<div class=\"w-post-elm post_image usg_post_image_1 stretched\"><a href=\"https:\/\/macha-collections.com\/boutique\/produit\/magazine-\u21161-figurine-de-bertrand-du-guesclin\/\" aria-label=\"Magazine \u21161 + figurine de Bertrand du Guesclin\"><img width=\"300\" height=\"300\" src=\"https:\/\/macha-collections.com\/boutique\/wp-content\/uploads\/2021\/11\/MAG-N1-300x300.jpg\" class=\"attachment-shop_catalog size-shop_catalog wp-post-image\" alt=\"\" decoding=\"async\" loading=\"lazy\" srcset=\"https:\/\/macha-collections.com\/boutique\/wp-content\/uploads\/2021\/11\/MAG-N1-300x300.jpg 300w, https:\/\/macha-collections.com\/boutique\/wp-content\/uploads\/2021\/11\/MAG-N1-150x150.jpg 150w, https:\/\/macha-collections.com\/boutique\/wp-content\/uploads\/2021\/11\/MAG-N1-600x600.jpg 600w, https:\/\/macha-collections.com\/boutique\/wp-content\/uploads\/2021\/11\/MAG-N1.jpg 800w\" sizes=\"(max-width: 300px) 100vw, 300px\" \/><\/a><\/div><div class=\"w-post-elm product_field sale_badge usg_product_field_1 has_text_color onsale\">Promo\u00a0!<\/div><h2 class=\"w-post-elm post_title usg_post_title_1 woocommerce-loop-product__title color_link_inherit\"><a href=\"https:\/\/macha-collections.com\/boutique\/produit\/magazine-\u21161-figurine-de-bertrand-du-guesclin\/\">Magazine \u21161 + figurine de Bertrand du Guesclin<\/a><\/h2><p class=\"w-post-elm product_field price usg_product_field_3\"><del aria-hidden=\"true\"><span class=\"woocommerce-Price-amount amount\"><bdi>15,50<span class=\"woocommerce-Price-currencySymbol\">&euro;<\/span><\/bdi><\/span><\/del> <ins><span class=\"woocommerce-Price-amount amount\"><bdi>11,60<span class=\"woocommerce-Price-currencySymbol\">&euro;<\/span><\/bdi><\/span><\/ins><\/p><div class=\"w-btn-wrapper woocommerce usg_add_to_cart_1 bouton_panier has_border_radius has_font_size\"><a href=\"?add-to-cart=7659\" data-quantity=\"1\" class=\"button wp-element-button product_type_simple add_to_cart_button ajax_add_to_cart\" data-product_id=\"7659\" data-product_sku=\"\" aria-label=\"Ajouter &ldquo;Magazine \u21161 + figurine de Bertrand du Guesclin&rdquo; \u00e0 votre panier\" rel=\"nofollow\"><i class=\"g-preloader type_1\"><\/i><span class=\"w-btn-label\">Ajouter au panier<\/span><\/a><\/div>\t\t<\/div>\r\n\t<\/article>\r\n\t<article class=\"w-grid-item size_1x1 post-7656 product type-product status-publish has-post-thumbnail hentry product_cat-articles\" data-id=\"7656\">\r\n\t\t<div class=\"w-grid-item-h\">\r\n\t\t\t\t\t\t<div class=\"w-post-elm post_image usg_post_image_1 stretched\"><a href=\"https:\/\/macha-collections.com\/boutique\/produit\/carte-militaire-du-moyen-age-retracant-la-bataille-de-pontvallain\/\" aria-label=\"Carte militaire du Moyen \u00c2ge, retra\u00e7ant la bataille de Pontvallain\"><img width=\"300\" height=\"300\" src=\"https:\/\/macha-collections.com\/boutique\/wp-content\/uploads\/2021\/11\/Carte-1-300x300.jpg\" class=\"attachment-shop_catalog size-shop_catalog wp-post-image\" alt=\"\" decoding=\"async\" loading=\"lazy\" srcset=\"https:\/\/macha-collections.com\/boutique\/wp-content\/uploads\/2021\/11\/Carte-1-300x300.jpg 300w, https:\/\/macha-collections.com\/boutique\/wp-content\/uploads\/2021\/11\/Carte-1-150x150.jpg 150w, https:\/\/macha-collections.com\/boutique\/wp-content\/uploads\/2021\/11\/Carte-1-600x600.jpg 600w, https:\/\/macha-collections.com\/boutique\/wp-content\/uploads\/2021\/11\/Carte-1.jpg 800w\" sizes=\"(max-width: 300px) 100vw, 300px\" \/><\/a><\/div><div class=\"w-post-elm product_field sale_badge usg_product_field_1 has_text_color onsale\">Promo\u00a0!<\/div><h2 class=\"w-post-elm post_title usg_post_title_1 woocommerce-loop-product__title color_link_inherit\"><a href=\"https:\/\/macha-collections.com\/boutique\/produit\/carte-militaire-du-moyen-age-retracant-la-bataille-de-pontvallain\/\">Carte militaire du Moyen \u00c2ge, retra\u00e7ant la bataille de Pontvallain<\/a><\/h2><p class=\"w-post-elm product_field price usg_product_field_3\"><del aria-hidden=\"true\"><span class=\"woocommerce-Price-amount amount\"><bdi>13,80<span class=\"woocommerce-Price-currencySymbol\">&euro;<\/span><\/bdi><\/span><\/del> <ins><span class=\"woocommerce-Price-amount amount\"><bdi>10,35<span class=\"woocommerce-Price-currencySymbol\">&euro;<\/span><\/bdi><\/span><\/ins><\/p><div class=\"w-btn-wrapper woocommerce usg_add_to_cart_1 bouton_panier has_border_radius has_font_size\"><a href=\"?add-to-cart=7656\" data-quantity=\"1\" class=\"button wp-element-button product_type_simple add_to_cart_button ajax_add_to_cart\" data-product_id=\"7656\" data-product_sku=\"\" aria-label=\"Ajouter &ldquo;Carte militaire du Moyen \u00c2ge, retra\u00e7ant la bataille de Pontvallain&rdquo; \u00e0 votre panier\" rel=\"nofollow\"><i class=\"g-preloader type_1\"><\/i><span class=\"w-btn-label\">Ajouter au panier<\/span><\/a><\/div>\t\t<\/div>\r\n\t<\/article>\r\n<\/div><div class=\"w-grid-preloader\"><div class=\"g-preloader type_1\">\r\n\t<div><\/div>\r\n<\/div>\r\n<\/div>\t<div class=\"w-grid-json hidden\" onclick='return {&quot;action&quot;:&quot;us_ajax_grid&quot;,&quot;ajax_url&quot;:&quot;https:\\\/\\\/macha-collections.com\\\/boutique\\\/wp-admin\\\/admin-ajax.php&quot;,&quot;infinite_scroll&quot;:0,&quot;max_num_pages&quot;:1,&quot;pagination&quot;:&quot;none&quot;,&quot;permalink_url&quot;:&quot;https:\\\/\\\/macha-collections.com\\\/boutique\\\/wp-json\\\/wp\\\/v2\\\/pages\\\/55&quot;,&quot;template_vars&quot;:{&quot;columns&quot;:&quot;4&quot;,&quot;exclude_items&quot;:&quot;none&quot;,&quot;img_size&quot;:&quot;default&quot;,&quot;ignore_items_size&quot;:0,&quot;items_layout&quot;:&quot;7482&quot;,&quot;items_offset&quot;:&quot;1&quot;,&quot;load_animation&quot;:&quot;none&quot;,&quot;overriding_link&quot;:&quot;none&quot;,&quot;post_id&quot;:55,&quot;query_args&quot;:{&quot;post_type&quot;:[&quot;product&quot;],&quot;tax_query&quot;:[{&quot;taxonomy&quot;:&quot;product_cat&quot;,&quot;field&quot;:&quot;slug&quot;,&quot;terms&quot;:[&quot;articles&quot;]},{&quot;taxonomy&quot;:&quot;product_visibility&quot;,&quot;field&quot;:&quot;slug&quot;,&quot;terms&quot;:[&quot;exclude-from-catalog&quot;],&quot;operator&quot;:&quot;NOT IN&quot;}],&quot;post_status&quot;:[&quot;publish&quot;],&quot;meta_query&quot;:[],&quot;posts_per_page&quot;:&quot;10&quot;},&quot;orderby_query_args&quot;:{&quot;orderby&quot;:{&quot;date&quot;:&quot;DESC&quot;}},&quot;type&quot;:&quot;grid&quot;,&quot;us_grid_ajax_index&quot;:1,&quot;us_grid_filter_params&quot;:null,&quot;us_grid_index&quot;:1,&quot;_us_grid_post_type&quot;:&quot;product&quot;}}'><\/div>\r\n\t<\/div><\/div><\/div><\/div><\/div><\/div><\/section>\n","protected":false},"excerpt":{"rendered":"","protected":false},"author":1,"featured_media":0,"parent":0,"menu_order":1,"comment_status":"closed","ping_status":"closed","template":"","meta":[],"yoast_head":"<!-- This site is optimized with the Yoast SEO plugin v19.13 - https:\/\/yoast.com\/wordpress\/plugins\/seo\/ -->\n<title>Figurines et objets \u00e0 collectionner dans la Boutique M\u00e9dievale<\/title>\n<meta name=\"description\" content=\"Figurines m\u00e9di\u00e9vales et objets \u00e0 collectionner.\" \/>\n<meta name=\"robots\" content=\"index, follow, max-snippet:-1, max-image-preview:large, max-video-preview:-1\" \/>\n<link rel=\"canonical\" href=\"https:\/\/macha-collections.com\/boutique\/\" \/>\n<meta property=\"og:locale\" content=\"fr_FR\" \/>\n<meta property=\"og:type\" content=\"article\" \/>\n<meta property=\"og:title\" content=\"Figurines et objets \u00e0 collectionner dans la Boutique M\u00e9dievale\" \/>\n<meta property=\"og:description\" content=\"Figurines m\u00e9di\u00e9vales et objets \u00e0 collectionner.\" \/>\n<meta property=\"og:url\" content=\"https:\/\/macha-collections.com\/boutique\/\" \/>\n<meta property=\"og:site_name\" content=\"Macha Collections shop\" \/>\n<meta property=\"article:modified_time\" content=\"2022-02-01T17:12:47+00:00\" \/>\n<meta name=\"twitter:card\" content=\"summary_large_image\" \/>\n<meta name=\"twitter:label1\" content=\"Dur\u00e9e de lecture estim\u00e9e\" \/>\n\t<meta name=\"twitter:data1\" content=\"1 minute\" \/>\n<script type=\"application\/ld+json\" class=\"yoast-schema-graph\">{\"@context\":\"https:\/\/schema.org\",\"@graph\":[{\"@type\":\"WebPage\",\"@id\":\"https:\/\/macha-collections.com\/boutique\/\",\"url\":\"https:\/\/macha-collections.com\/boutique\/\",\"name\":\"Figurines et objets \u00e0 collectionner dans la Boutique M\u00e9dievale\",\"isPartOf\":{\"@id\":\"https:\/\/macha-collections.com\/boutique\/#website\"},\"datePublished\":\"2020-08-25T12:31:01+00:00\",\"dateModified\":\"2022-02-01T17:12:47+00:00\",\"description\":\"Figurines m\u00e9di\u00e9vales et objets \u00e0 collectionner.\",\"breadcrumb\":{\"@id\":\"https:\/\/macha-collections.com\/boutique\/#breadcrumb\"},\"inLanguage\":\"fr-FR\",\"potentialAction\":[{\"@type\":\"ReadAction\",\"target\":[\"https:\/\/macha-collections.com\/boutique\/\"]}]},{\"@type\":\"BreadcrumbList\",\"@id\":\"https:\/\/macha-collections.com\/boutique\/#breadcrumb\",\"itemListElement\":[{\"@type\":\"ListItem\",\"position\":1,\"name\":\"Accueil\",\"item\":\"https:\/\/macha-collections.com\/boutique\/\"},{\"@type\":\"ListItem\",\"position\":2,\"name\":\"Boutique\"}]},{\"@type\":\"WebSite\",\"@id\":\"https:\/\/macha-collections.com\/boutique\/#website\",\"url\":\"https:\/\/macha-collections.com\/boutique\/\",\"name\":\"Macha Collections shop\",\"description\":\"\",\"potentialAction\":[{\"@type\":\"SearchAction\",\"target\":{\"@type\":\"EntryPoint\",\"urlTemplate\":\"https:\/\/macha-collections.com\/boutique\/?s={search_term_string}\"},\"query-input\":\"required name=search_term_string\"}],\"inLanguage\":\"fr-FR\"}]}<\/script>\n<!-- \/ Yoast SEO plugin. -->","yoast_head_json":{"title":"Figurines et objets \u00e0 collectionner dans la Boutique M\u00e9dievale","description":"Figurines m\u00e9di\u00e9vales et objets \u00e0 collectionner.","robots":{"index":"index","follow":"follow","max-snippet":"max-snippet:-1","max-image-preview":"max-image-preview:large","max-video-preview":"max-video-preview:-1"},"canonical":"https:\/\/macha-collections.com\/boutique\/","og_locale":"fr_FR","og_type":"article","og_title":"Figurines et objets \u00e0 collectionner dans la Boutique M\u00e9dievale","og_description":"Figurines m\u00e9di\u00e9vales et objets \u00e0 collectionner.","og_url":"https:\/\/macha-collections.com\/boutique\/","og_site_name":"Macha Collections shop","article_modified_time":"2022-02-01T17:12:47+00:00","twitter_card":"summary_large_image","twitter_misc":{"Dur\u00e9e de lecture estim\u00e9e":"1 minute"},"schema":{"@context":"https:\/\/schema.org","@graph":[{"@type":"WebPage","@id":"https:\/\/macha-collections.com\/boutique\/","url":"https:\/\/macha-collections.com\/boutique\/","name":"Figurines et objets \u00e0 collectionner dans la Boutique M\u00e9dievale","isPartOf":{"@id":"https:\/\/macha-collections.com\/boutique\/#website"},"datePublished":"2020-08-25T12:31:01+00:00","dateModified":"2022-02-01T17:12:47+00:00","description":"Figurines m\u00e9di\u00e9vales et objets \u00e0 collectionner.","breadcrumb":{"@id":"https:\/\/macha-collections.com\/boutique\/#breadcrumb"},"inLanguage":"fr-FR","potentialAction":[{"@type":"ReadAction","target":["https:\/\/macha-collections.com\/boutique\/"]}]},{"@type":"BreadcrumbList","@id":"https:\/\/macha-collections.com\/boutique\/#breadcrumb","itemListElement":[{"@type":"ListItem","position":1,"name":"Accueil","item":"https:\/\/macha-collections.com\/boutique\/"},{"@type":"ListItem","position":2,"name":"Boutique"}]},{"@type":"WebSite","@id":"https:\/\/macha-collections.com\/boutique\/#website","url":"https:\/\/macha-collections.com\/boutique\/","name":"Macha Collections shop","description":"","potentialAction":[{"@type":"SearchAction","target":{"@type":"EntryPoint","urlTemplate":"https:\/\/macha-collections.com\/boutique\/?s={search_term_string}"},"query-input":"required name=search_term_string"}],"inLanguage":"fr-FR"}]}},"_links":{"self":[{"href":"https:\/\/macha-collections.com\/boutique\/wp-json\/wp\/v2\/pages\/55"}],"collection":[{"href":"https:\/\/macha-collections.com\/boutique\/wp-json\/wp\/v2\/pages"}],"about":[{"href":"https:\/\/macha-collections.com\/boutique\/wp-json\/wp\/v2\/types\/page"}],"author":[{"embeddable":true,"href":"https:\/\/macha-collections.com\/boutique\/wp-json\/wp\/v2\/users\/1"}],"replies":[{"embeddable":true,"href":"https:\/\/macha-collections.com\/boutique\/wp-json\/wp\/v2\/comments?post=55"}],"version-history":[{"count":5,"href":"https:\/\/macha-collections.com\/boutique\/wp-json\/wp\/v2\/pages\/55\/revisions"}],"predecessor-version":[{"id":7788,"href":"https:\/\/macha-collections.com\/boutique\/wp-json\/wp\/v2\/pages\/55\/revisions\/7788"}],"wp:attachment":[{"href":"https:\/\/macha-collections.com\/boutique\/wp-json\/wp\/v2\/media?parent=55"}],"curies":[{"name":"wp","href":"https:\/\/api.w.org\/{rel}","templated":true}]}}