{"id":7656,"date":"2021-11-30T18:07:55","date_gmt":"2021-11-30T17:07:55","guid":{"rendered":"https:\/\/macha-collections.com\/boutique\/?post_type=product&#038;p=7656"},"modified":"2022-04-14T16:06:08","modified_gmt":"2022-04-14T14:06:08","slug":"carte-militaire-du-moyen-age-retracant-la-bataille-de-pontvallain","status":"publish","type":"product","link":"https:\/\/macha-collections.com\/boutique\/produit\/carte-militaire-du-moyen-age-retracant-la-bataille-de-pontvallain\/","title":{"rendered":"Carte militaire du Moyen \u00c2ge, retra\u00e7ant la bataille de Pontvallain"},"content":{"rendered":"<p>Format : 440 x 280 mm pli\u00e9 en deux (ou 4 pages de 220 x 280 mm)<\/p>\n<p>Papier : brillant, couch\u00e9 demi-mat 300 g<\/p>\n<div>D\u00e9couvrez une carte in\u00e9dite et d\u00e9taill\u00e9e retra\u00e7ant la victoire de la France face aux Anglais lors de la bataille de Pantvallain durant la Guerre de Cent Ans. Vivez les exploits extraordinaires du Bertrand de Guesclin.<\/div>\n","protected":false},"excerpt":{"rendered":"<div class=\"page\" title=\"Page 1\">\n<div class=\"section\">\n<div class=\"layoutArea\">\n<div class=\"column\">\n<p>Une carte ine\u0301dite\u00a0et de\u0301taille\u0301e pour revivre les exploits de Bertrand\u00a0du Guesclin et la victoire de la France contre les Anglais,\u00a0le 4 de\u0301cembre 1370, pendant la guerre de Cent Ans.<\/p>\n<\/div>\n<\/div>\n<\/div>\n<\/div>\n","protected":false},"featured_media":7680,"template":"","meta":[],"product_cat":[15],"product_tag":[],"yoast_head":"<!-- This site is optimized with the Yoast SEO plugin v19.13 - https:\/\/yoast.com\/wordpress\/plugins\/seo\/ -->\n<title>Carte militaire du Moyen \u00c2ge, retra\u00e7ant la bataille de Pontvallain - Macha Collections shop<\/title>\n<meta name=\"robots\" content=\"index, follow, max-snippet:-1, max-image-preview:large, max-video-preview:-1\" \/>\n<link rel=\"canonical\" href=\"https:\/\/macha-collections.com\/boutique\/produit\/carte-militaire-du-moyen-age-retracant-la-bataille-de-pontvallain\/\" \/>\n<meta property=\"og:locale\" content=\"fr_FR\" \/>\n<meta property=\"og:type\" content=\"article\" \/>\n<meta property=\"og:title\" content=\"Carte militaire du Moyen \u00c2ge, retra\u00e7ant la bataille de Pontvallain - Macha Collections shop\" \/>\n<meta property=\"og:description\" content=\"Une carte ine\u0301dite\u00a0et de\u0301taille\u0301e pour revivre les exploits de Bertrand\u00a0du Guesclin et la victoire de la France contre les Anglais,\u00a0le 4 de\u0301cembre 1370, pendant la guerre de Cent Ans.\" \/>\n<meta property=\"og:url\" content=\"https:\/\/macha-collections.com\/boutique\/produit\/carte-militaire-du-moyen-age-retracant-la-bataille-de-pontvallain\/\" \/>\n<meta property=\"og:site_name\" content=\"Macha Collections shop\" \/>\n<meta property=\"article:modified_time\" content=\"2022-04-14T14:06:08+00:00\" \/>\n<meta property=\"og:image\" content=\"https:\/\/macha-collections.com\/boutique\/wp-content\/uploads\/2021\/11\/Carte-1.jpg\" \/>\n\t<meta property=\"og:image:width\" content=\"800\" \/>\n\t<meta property=\"og:image:height\" content=\"800\" \/>\n\t<meta property=\"og:image:type\" content=\"image\/jpeg\" \/>\n<meta name=\"twitter:card\" content=\"summary_large_image\" \/>\n<meta name=\"twitter:label1\" content=\"Dur\u00e9e de lecture estim\u00e9e\" \/>\n\t<meta name=\"twitter:data1\" content=\"1 minute\" \/>\n<script type=\"application\/ld+json\" class=\"yoast-schema-graph\">{\"@context\":\"https:\/\/schema.org\",\"@graph\":[{\"@type\":\"WebPage\",\"@id\":\"https:\/\/macha-collections.com\/boutique\/produit\/carte-militaire-du-moyen-age-retracant-la-bataille-de-pontvallain\/\",\"url\":\"https:\/\/macha-collections.com\/boutique\/produit\/carte-militaire-du-moyen-age-retracant-la-bataille-de-pontvallain\/\",\"name\":\"Carte militaire du Moyen \u00c2ge, retra\u00e7ant la bataille de Pontvallain - Macha Collections shop\",\"isPartOf\":{\"@id\":\"https:\/\/macha-collections.com\/boutique\/#website\"},\"datePublished\":\"2021-11-30T17:07:55+00:00\",\"dateModified\":\"2022-04-14T14:06:08+00:00\",\"breadcrumb\":{\"@id\":\"https:\/\/macha-collections.com\/boutique\/produit\/carte-militaire-du-moyen-age-retracant-la-bataille-de-pontvallain\/#breadcrumb\"},\"inLanguage\":\"fr-FR\",\"potentialAction\":[{\"@type\":\"ReadAction\",\"target\":[\"https:\/\/macha-collections.com\/boutique\/produit\/carte-militaire-du-moyen-age-retracant-la-bataille-de-pontvallain\/\"]}]},{\"@type\":\"BreadcrumbList\",\"@id\":\"https:\/\/macha-collections.com\/boutique\/produit\/carte-militaire-du-moyen-age-retracant-la-bataille-de-pontvallain\/#breadcrumb\",\"itemListElement\":[{\"@type\":\"ListItem\",\"position\":1,\"name\":\"Accueil\",\"item\":\"https:\/\/macha-collections.com\/boutique\/\"},{\"@type\":\"ListItem\",\"position\":2,\"name\":\"Produits\",\"item\":\"https:\/\/macha-collections.com\/boutique\/shop\/\"},{\"@type\":\"ListItem\",\"position\":3,\"name\":\"Carte militaire du Moyen \u00c2ge, retra\u00e7ant la bataille de Pontvallain\"}]},{\"@type\":\"WebSite\",\"@id\":\"https:\/\/macha-collections.com\/boutique\/#website\",\"url\":\"https:\/\/macha-collections.com\/boutique\/\",\"name\":\"Macha Collections shop\",\"description\":\"\",\"potentialAction\":[{\"@type\":\"SearchAction\",\"target\":{\"@type\":\"EntryPoint\",\"urlTemplate\":\"https:\/\/macha-collections.com\/boutique\/?s={search_term_string}\"},\"query-input\":\"required name=search_term_string\"}],\"inLanguage\":\"fr-FR\"}]}<\/script>\n<!-- \/ Yoast SEO plugin. -->","yoast_head_json":{"title":"Carte militaire du Moyen \u00c2ge, retra\u00e7ant la bataille de Pontvallain - Macha Collections shop","robots":{"index":"index","follow":"follow","max-snippet":"max-snippet:-1","max-image-preview":"max-image-preview:large","max-video-preview":"max-video-preview:-1"},"canonical":"https:\/\/macha-collections.com\/boutique\/produit\/carte-militaire-du-moyen-age-retracant-la-bataille-de-pontvallain\/","og_locale":"fr_FR","og_type":"article","og_title":"Carte militaire du Moyen \u00c2ge, retra\u00e7ant la bataille de Pontvallain - Macha Collections shop","og_description":"Une carte ine\u0301dite\u00a0et de\u0301taille\u0301e pour revivre les exploits de Bertrand\u00a0du Guesclin et la victoire de la France contre les Anglais,\u00a0le 4 de\u0301cembre 1370, pendant la guerre de Cent Ans.","og_url":"https:\/\/macha-collections.com\/boutique\/produit\/carte-militaire-du-moyen-age-retracant-la-bataille-de-pontvallain\/","og_site_name":"Macha Collections shop","article_modified_time":"2022-04-14T14:06:08+00:00","og_image":[{"width":800,"height":800,"url":"https:\/\/macha-collections.com\/boutique\/wp-content\/uploads\/2021\/11\/Carte-1.jpg","type":"image\/jpeg"}],"twitter_card":"summary_large_image","twitter_misc":{"Dur\u00e9e de lecture estim\u00e9e":"1 minute"},"schema":{"@context":"https:\/\/schema.org","@graph":[{"@type":"WebPage","@id":"https:\/\/macha-collections.com\/boutique\/produit\/carte-militaire-du-moyen-age-retracant-la-bataille-de-pontvallain\/","url":"https:\/\/macha-collections.com\/boutique\/produit\/carte-militaire-du-moyen-age-retracant-la-bataille-de-pontvallain\/","name":"Carte militaire du Moyen \u00c2ge, retra\u00e7ant la bataille de Pontvallain - Macha Collections shop","isPartOf":{"@id":"https:\/\/macha-collections.com\/boutique\/#website"},"datePublished":"2021-11-30T17:07:55+00:00","dateModified":"2022-04-14T14:06:08+00:00","breadcrumb":{"@id":"https:\/\/macha-collections.com\/boutique\/produit\/carte-militaire-du-moyen-age-retracant-la-bataille-de-pontvallain\/#breadcrumb"},"inLanguage":"fr-FR","potentialAction":[{"@type":"ReadAction","target":["https:\/\/macha-collections.com\/boutique\/produit\/carte-militaire-du-moyen-age-retracant-la-bataille-de-pontvallain\/"]}]},{"@type":"BreadcrumbList","@id":"https:\/\/macha-collections.com\/boutique\/produit\/carte-militaire-du-moyen-age-retracant-la-bataille-de-pontvallain\/#breadcrumb","itemListElement":[{"@type":"ListItem","position":1,"name":"Accueil","item":"https:\/\/macha-collections.com\/boutique\/"},{"@type":"ListItem","position":2,"name":"Produits","item":"https:\/\/macha-collections.com\/boutique\/shop\/"},{"@type":"ListItem","position":3,"name":"Carte militaire du Moyen \u00c2ge, retra\u00e7ant la bataille de Pontvallain"}]},{"@type":"WebSite","@id":"https:\/\/macha-collections.com\/boutique\/#website","url":"https:\/\/macha-collections.com\/boutique\/","name":"Macha Collections shop","description":"","potentialAction":[{"@type":"SearchAction","target":{"@type":"EntryPoint","urlTemplate":"https:\/\/macha-collections.com\/boutique\/?s={search_term_string}"},"query-input":"required name=search_term_string"}],"inLanguage":"fr-FR"}]}},"_links":{"self":[{"href":"https:\/\/macha-collections.com\/boutique\/wp-json\/wp\/v2\/product\/7656"}],"collection":[{"href":"https:\/\/macha-collections.com\/boutique\/wp-json\/wp\/v2\/product"}],"about":[{"href":"https:\/\/macha-collections.com\/boutique\/wp-json\/wp\/v2\/types\/product"}],"wp:featuredmedia":[{"embeddable":true,"href":"https:\/\/macha-collections.com\/boutique\/wp-json\/wp\/v2\/media\/7680"}],"wp:attachment":[{"href":"https:\/\/macha-collections.com\/boutique\/wp-json\/wp\/v2\/media?parent=7656"}],"wp:term":[{"taxonomy":"product_cat","embeddable":true,"href":"https:\/\/macha-collections.com\/boutique\/wp-json\/wp\/v2\/product_cat?post=7656"},{"taxonomy":"product_tag","embeddable":true,"href":"https:\/\/macha-collections.com\/boutique\/wp-json\/wp\/v2\/product_tag?post=7656"}],"curies":[{"name":"wp","href":"https:\/\/api.w.org\/{rel}","templated":true}]}}