{"id":7659,"date":"2021-11-30T18:18:20","date_gmt":"2021-11-30T17:18:20","guid":{"rendered":"https:\/\/macha-collections.com\/boutique\/?post_type=product&#038;p=7659"},"modified":"2022-04-14T16:01:13","modified_gmt":"2022-04-14T14:01:13","slug":"magazine-%e2%84%961-figurine-de-bertrand-du-guesclin","status":"publish","type":"product","link":"https:\/\/macha-collections.com\/boutique\/produit\/magazine-%e2%84%961-figurine-de-bertrand-du-guesclin\/","title":{"rendered":"Magazine \u21161 + figurine de Bertrand du Guesclin"},"content":{"rendered":"<p>Magazine de 16 pages + une figurine de 54 mm en alliage peinte \u00e0 la main.<\/p>\n<p>Vivez un voyage dans le temps, lors de la Guerre de Cent Ans avec une figurine de 54 mm exclusive de Bertrand du Guesclin, peinte \u00e0 la main. Mais aussi, \u00e0 travers le magazine de 16 pages d\u00e9taillant les plus grandes batailles du guerrier. \u00c0 travers ce magazine, vous d\u00e9couvrirez la phase Caroline, phase qui d\u00e9buta apr\u00e8s la courte paix de neuf ans. Vous d\u00e9couvrirez \u00e9galement toutes modifications faites sur les boucliers durant la guerre de Cent Ans.<\/p>\n","protected":false},"excerpt":{"rendered":"<p>Magazine de 16 pages + une figurine de 54 cm en alliage peinte \u00e0 la main.<\/p>\n","protected":false},"featured_media":7678,"template":"","meta":[],"product_cat":[15],"product_tag":[],"yoast_head":"<!-- This site is optimized with the Yoast SEO plugin v19.13 - https:\/\/yoast.com\/wordpress\/plugins\/seo\/ -->\n<title>Magazine \u21161 + figurine de Bertrand du Guesclin - Macha Collections shop<\/title>\n<meta name=\"robots\" content=\"index, follow, max-snippet:-1, max-image-preview:large, max-video-preview:-1\" \/>\n<link rel=\"canonical\" href=\"https:\/\/macha-collections.com\/boutique\/produit\/magazine-\u21161-figurine-de-bertrand-du-guesclin\/\" \/>\n<meta property=\"og:locale\" content=\"fr_FR\" \/>\n<meta property=\"og:type\" content=\"article\" \/>\n<meta property=\"og:title\" content=\"Magazine \u21161 + figurine de Bertrand du Guesclin - Macha Collections shop\" \/>\n<meta property=\"og:description\" content=\"Magazine de 16 pages + une figurine de 54 cm en alliage peinte \u00e0 la main.\" \/>\n<meta property=\"og:url\" content=\"https:\/\/macha-collections.com\/boutique\/produit\/magazine-\u21161-figurine-de-bertrand-du-guesclin\/\" \/>\n<meta property=\"og:site_name\" content=\"Macha Collections shop\" \/>\n<meta property=\"article:modified_time\" content=\"2022-04-14T14:01:13+00:00\" \/>\n<meta property=\"og:image\" content=\"https:\/\/macha-collections.com\/boutique\/wp-content\/uploads\/2021\/11\/MAG-N1.jpg\" \/>\n\t<meta property=\"og:image:width\" content=\"800\" \/>\n\t<meta property=\"og:image:height\" content=\"800\" \/>\n\t<meta property=\"og:image:type\" content=\"image\/jpeg\" \/>\n<meta name=\"twitter:card\" content=\"summary_large_image\" \/>\n<meta name=\"twitter:label1\" content=\"Dur\u00e9e de lecture estim\u00e9e\" \/>\n\t<meta name=\"twitter:data1\" content=\"1 minute\" \/>\n<script type=\"application\/ld+json\" class=\"yoast-schema-graph\">{\"@context\":\"https:\/\/schema.org\",\"@graph\":[{\"@type\":\"WebPage\",\"@id\":\"https:\/\/macha-collections.com\/boutique\/produit\/magazine-%e2%84%961-figurine-de-bertrand-du-guesclin\/\",\"url\":\"https:\/\/macha-collections.com\/boutique\/produit\/magazine-%e2%84%961-figurine-de-bertrand-du-guesclin\/\",\"name\":\"Magazine \u21161 + figurine de Bertrand du Guesclin - Macha Collections shop\",\"isPartOf\":{\"@id\":\"https:\/\/macha-collections.com\/boutique\/#website\"},\"datePublished\":\"2021-11-30T17:18:20+00:00\",\"dateModified\":\"2022-04-14T14:01:13+00:00\",\"breadcrumb\":{\"@id\":\"https:\/\/macha-collections.com\/boutique\/produit\/magazine-%e2%84%961-figurine-de-bertrand-du-guesclin\/#breadcrumb\"},\"inLanguage\":\"fr-FR\",\"potentialAction\":[{\"@type\":\"ReadAction\",\"target\":[\"https:\/\/macha-collections.com\/boutique\/produit\/magazine-%e2%84%961-figurine-de-bertrand-du-guesclin\/\"]}]},{\"@type\":\"BreadcrumbList\",\"@id\":\"https:\/\/macha-collections.com\/boutique\/produit\/magazine-%e2%84%961-figurine-de-bertrand-du-guesclin\/#breadcrumb\",\"itemListElement\":[{\"@type\":\"ListItem\",\"position\":1,\"name\":\"Accueil\",\"item\":\"https:\/\/macha-collections.com\/boutique\/\"},{\"@type\":\"ListItem\",\"position\":2,\"name\":\"Produits\",\"item\":\"https:\/\/macha-collections.com\/boutique\/shop\/\"},{\"@type\":\"ListItem\",\"position\":3,\"name\":\"Magazine \u21161 + figurine de Bertrand du Guesclin\"}]},{\"@type\":\"WebSite\",\"@id\":\"https:\/\/macha-collections.com\/boutique\/#website\",\"url\":\"https:\/\/macha-collections.com\/boutique\/\",\"name\":\"Macha Collections shop\",\"description\":\"\",\"potentialAction\":[{\"@type\":\"SearchAction\",\"target\":{\"@type\":\"EntryPoint\",\"urlTemplate\":\"https:\/\/macha-collections.com\/boutique\/?s={search_term_string}\"},\"query-input\":\"required name=search_term_string\"}],\"inLanguage\":\"fr-FR\"}]}<\/script>\n<!-- \/ Yoast SEO plugin. -->","yoast_head_json":{"title":"Magazine \u21161 + figurine de Bertrand du Guesclin - Macha Collections shop","robots":{"index":"index","follow":"follow","max-snippet":"max-snippet:-1","max-image-preview":"max-image-preview:large","max-video-preview":"max-video-preview:-1"},"canonical":"https:\/\/macha-collections.com\/boutique\/produit\/magazine-\u21161-figurine-de-bertrand-du-guesclin\/","og_locale":"fr_FR","og_type":"article","og_title":"Magazine \u21161 + figurine de Bertrand du Guesclin - Macha Collections shop","og_description":"Magazine de 16 pages + une figurine de 54 cm en alliage peinte \u00e0 la main.","og_url":"https:\/\/macha-collections.com\/boutique\/produit\/magazine-\u21161-figurine-de-bertrand-du-guesclin\/","og_site_name":"Macha Collections shop","article_modified_time":"2022-04-14T14:01:13+00:00","og_image":[{"width":800,"height":800,"url":"https:\/\/macha-collections.com\/boutique\/wp-content\/uploads\/2021\/11\/MAG-N1.jpg","type":"image\/jpeg"}],"twitter_card":"summary_large_image","twitter_misc":{"Dur\u00e9e de lecture estim\u00e9e":"1 minute"},"schema":{"@context":"https:\/\/schema.org","@graph":[{"@type":"WebPage","@id":"https:\/\/macha-collections.com\/boutique\/produit\/magazine-%e2%84%961-figurine-de-bertrand-du-guesclin\/","url":"https:\/\/macha-collections.com\/boutique\/produit\/magazine-%e2%84%961-figurine-de-bertrand-du-guesclin\/","name":"Magazine \u21161 + figurine de Bertrand du Guesclin - Macha Collections shop","isPartOf":{"@id":"https:\/\/macha-collections.com\/boutique\/#website"},"datePublished":"2021-11-30T17:18:20+00:00","dateModified":"2022-04-14T14:01:13+00:00","breadcrumb":{"@id":"https:\/\/macha-collections.com\/boutique\/produit\/magazine-%e2%84%961-figurine-de-bertrand-du-guesclin\/#breadcrumb"},"inLanguage":"fr-FR","potentialAction":[{"@type":"ReadAction","target":["https:\/\/macha-collections.com\/boutique\/produit\/magazine-%e2%84%961-figurine-de-bertrand-du-guesclin\/"]}]},{"@type":"BreadcrumbList","@id":"https:\/\/macha-collections.com\/boutique\/produit\/magazine-%e2%84%961-figurine-de-bertrand-du-guesclin\/#breadcrumb","itemListElement":[{"@type":"ListItem","position":1,"name":"Accueil","item":"https:\/\/macha-collections.com\/boutique\/"},{"@type":"ListItem","position":2,"name":"Produits","item":"https:\/\/macha-collections.com\/boutique\/shop\/"},{"@type":"ListItem","position":3,"name":"Magazine \u21161 + figurine de Bertrand du Guesclin"}]},{"@type":"WebSite","@id":"https:\/\/macha-collections.com\/boutique\/#website","url":"https:\/\/macha-collections.com\/boutique\/","name":"Macha Collections shop","description":"","potentialAction":[{"@type":"SearchAction","target":{"@type":"EntryPoint","urlTemplate":"https:\/\/macha-collections.com\/boutique\/?s={search_term_string}"},"query-input":"required name=search_term_string"}],"inLanguage":"fr-FR"}]}},"_links":{"self":[{"href":"https:\/\/macha-collections.com\/boutique\/wp-json\/wp\/v2\/product\/7659"}],"collection":[{"href":"https:\/\/macha-collections.com\/boutique\/wp-json\/wp\/v2\/product"}],"about":[{"href":"https:\/\/macha-collections.com\/boutique\/wp-json\/wp\/v2\/types\/product"}],"wp:featuredmedia":[{"embeddable":true,"href":"https:\/\/macha-collections.com\/boutique\/wp-json\/wp\/v2\/media\/7678"}],"wp:attachment":[{"href":"https:\/\/macha-collections.com\/boutique\/wp-json\/wp\/v2\/media?parent=7659"}],"wp:term":[{"taxonomy":"product_cat","embeddable":true,"href":"https:\/\/macha-collections.com\/boutique\/wp-json\/wp\/v2\/product_cat?post=7659"},{"taxonomy":"product_tag","embeddable":true,"href":"https:\/\/macha-collections.com\/boutique\/wp-json\/wp\/v2\/product_tag?post=7659"}],"curies":[{"name":"wp","href":"https:\/\/api.w.org\/{rel}","templated":true}]}}